{"id":11,"date":"2024-03-16T18:41:31","date_gmt":"2024-03-16T18:41:31","guid":{"rendered":"https:\/\/madewithduende.com\/?page_id=11"},"modified":"2024-06-28T18:05:58","modified_gmt":"2024-06-28T18:05:58","slug":"rueckerstattung_rueckgaben","status":"publish","type":"page","link":"https:\/\/madewithduende.com\/de\/272-2\/rueckerstattung_rueckgaben\/","title":{"rendered":"R\u00fccksendungen und R\u00fcckerstattungen"},"content":{"rendered":"<p><\/p>\n\n\n\n<p><h3>Allgemein<\/h3><\/p>\n\n\n\n<p>Unsere R\u00fcckerstattungs- und R\u00fccksendungsrichtlinie gilt f\u00fcr 14 Tage. Wenn seit dem Erhalt des Produkts 14 Tage vergangen sind, k\u00f6nnen wir dir keine vollst\u00e4ndige R\u00fcckerstattung oder Umtausch anbieten.<\/p>\n\n\n\n<p>Um f\u00fcr eine R\u00fccksendung berechtigt zu sein, muss dein Artikel unbenutzt sein, und sich in demselben Zustand befinden, in dem du ihn erhalten hast. <\/p>\n\n\n\n<p><h2>R\u00fcckerstattungen<\/h2><\/p>\n\n\n\n<p>Sobald deine R\u00fccksendung eingegangen und gepr\u00fcft wurde, senden wir dir eine E-Mail, um dich dar\u00fcber zu informieren, dass wir deinen zur\u00fcckgesendeten Artikel erhalten haben. Wir werden dich auch \u00fcber die Genehmigung oder Ablehnung deiner R\u00fcckerstattung informieren.<\/p>\n\n\n\n<p>Wenn deine R\u00fcckerstattung genehmigt wird, wird sie bearbeitet und ein Guthaben wird innerhalb weniger Tage automatisch auf deine Kreditkarte oder die urspr\u00fcngliche Zahlungsmethode angewendet.<\/p>\n\n\n\n<p><b>Versp\u00e4tete oder fehlende R\u00fcckerstattungen<\/b><\/p>\n\n\n\n<p>Wenn du deine R\u00fcckerstattung noch nicht erhalten hast, \u00fcberpr\u00fcfe bitte zun\u00e4chst erneut dein Bankkonto.<\/p>\n\n\n\n<p>Dann kontaktiere deine Kreditkartengesellschaft; es kann einige Zeit dauern, bis deine R\u00fcckerstattung offiziell verbucht wird.<\/p>\n\n\n\n<p>Danach kontaktiere deine Bank. Es gibt oft eine Verarbeitungszeit, bevor eine R\u00fcckerstattung verbucht wird.<\/p>\n\n\n\n<p>Wenn du all dies gemacht hast und deine R\u00fcckerstattung immer noch nicht erhalten hast, kontaktiere uns bitte unter Themagicbox@gmx.net.<\/p>\n\n\n\n<p><b>Reduzierte Artikel<\/b><\/p>\n\n\n\n<p>Nur regul\u00e4r bepreiste Artikel k\u00f6nnen erstattet werden. Artikel im Angebot k\u00f6nnen nicht erstattet werden.<\/p>\n\n\n\n<p><h2>Umtauschen<\/h2><\/p>\n\n\n\n<p>Wir ersetzen nur Artikel, wenn sie defekt oder besch\u00e4digt sind. Wenn du den Artikel gegen denselben Artikel umtauschen m\u00f6chtest, sende uns bitte eine E-Mail an Themagicbox@gmx.net und schicke dein Produkt an:<\/p>\n\n\n\n<p>Dolores Torres Lizana -Hohensteinstr. 9 -\n\n83278 Traunstein, Deutschland.<\/p>\n\n\n\n<p><h2>Geschenke<\/h2><\/p>\n\n\n\n<p>Wenn der Artikel beim Kauf als Geschenk gekennzeichnet wurde und direkt an dich versendet wurde, erh\u00e4ltst du eine Geschenkgutschrift f\u00fcr den Wert deiner R\u00fccksendung. Sobald der zur\u00fcckgesendete Artikel eingegangen ist, wird dir ein Geschenkgutschein zugeschickt.<\/p>\n\n\n\n<p>Wenn der Artikel beim Kauf nicht als Geschenk gekennzeichnet wurde oder der Schenkende die Bestellung an sich selbst geschickt hat, um sie dir sp\u00e4ter zu geben, werden wir eine R\u00fcckerstattung an den Schenkenden senden. Diese Person wird \u00fcber deine R\u00fccksendung informiert.<\/p>\n\n\n\n<p><h2>R\u00fccksendung<\/h2><\/p>\n\n\n\n<p>To return your product, you should mail your product to: <\/p>\n\n\n\n<p>Made with Duende<\/p>\n\n\n\n<p>Dolores Torres Lizana -Hohensteinstr. 9 -\n\n83278 Traunstein, Deutschland.<\/p>\n\n\n\n<p>Du bist verantwortlich f\u00fcr die Kosten der R\u00fccksendung deines Artikels. Die Versandkosten sind nicht erstattungsf\u00e4hig. Falls du eine R\u00fcckerstattung erh\u00e4ltst, werden die Kosten f\u00fcr den R\u00fcckversand von deiner R\u00fcckerstattung abgezogen.<\/p>\n\n\n\n<p>Je nachdem, wo du lebst, kann die Zeit, die es dauert, bis dein umgetauschtes Produkt dich erreicht, variieren.<\/p>\n\n\n\n<p>Wenn du teurere Artikel zur\u00fccksendest, solltest du vielleicht einen versicherten Versandservice mit Sendungsverfolgung nutzen. Wir garantieren nicht, dass wir dein zur\u00fcckgesendetes Produkt erhalten werden.<\/p>\n\n\n\n<p><h2>Ben\u00f6tigst du Hilfe?<\/h2><\/p>\n\n\n\n<p>Kontaktiere uns unter Themagicbox@gmx.net f\u00fcr Fragen zu R\u00fcckerstattungen und R\u00fccksendungen.<\/p>","protected":false},"excerpt":{"rendered":"<p>Overview Our refund and returns policy lasts 14 days. If 14 days have passed since you received the product, we can\u2019t offer you a full refund or exchange. To be eligible for a return, your item must be unused and in the same condition that you received it. Refunds Once your return is received and<\/p>\n<div class=\"more-link\">\n\t\t\t\t <a href=\"https:\/\/madewithduende.com\/de\/272-2\/rueckerstattung_rueckgaben\/\" class=\"btn theme-btn\"><span>Weiterlesen <\/span><i class=\"icofont-thin-double-right\"><\/i><\/a>\n\t\t\t<\/div>","protected":false},"author":1,"featured_media":0,"parent":272,"menu_order":0,"comment_status":"closed","ping_status":"closed","template":"","meta":{"om_disable_all_campaigns":false,"_monsterinsights_skip_tracking":false,"_monsterinsights_sitenote_active":false,"_monsterinsights_sitenote_note":"","_monsterinsights_sitenote_category":0,"_glsr_average":0,"_glsr_ranking":0,"_glsr_reviews":0,"footnotes":""},"class_list":["post-11","page","type-page","status-publish","hentry"],"aioseo_notices":[],"jetpack_sharing_enabled":true,"_links":{"self":[{"href":"https:\/\/madewithduende.com\/de\/wp-json\/wp\/v2\/pages\/11","targetHints":{"allow":["GET"]}}],"collection":[{"href":"https:\/\/madewithduende.com\/de\/wp-json\/wp\/v2\/pages"}],"about":[{"href":"https:\/\/madewithduende.com\/de\/wp-json\/wp\/v2\/types\/page"}],"author":[{"embeddable":true,"href":"https:\/\/madewithduende.com\/de\/wp-json\/wp\/v2\/users\/1"}],"replies":[{"embeddable":true,"href":"https:\/\/madewithduende.com\/de\/wp-json\/wp\/v2\/comments?post=11"}],"version-history":[{"count":4,"href":"https:\/\/madewithduende.com\/de\/wp-json\/wp\/v2\/pages\/11\/revisions"}],"predecessor-version":[{"id":803,"href":"https:\/\/madewithduende.com\/de\/wp-json\/wp\/v2\/pages\/11\/revisions\/803"}],"up":[{"embeddable":true,"href":"https:\/\/madewithduende.com\/de\/wp-json\/wp\/v2\/pages\/272"}],"wp:attachment":[{"href":"https:\/\/madewithduende.com\/de\/wp-json\/wp\/v2\/media?parent=11"}],"curies":[{"name":"wp","href":"https:\/\/api.w.org\/{rel}","templated":true}]}}