{"id":3,"date":"2024-01-22T21:40:27","date_gmt":"2024-01-22T21:40:27","guid":{"rendered":"http:\/\/madewithduende.com\/?page_id=3"},"modified":"2024-03-19T14:45:15","modified_gmt":"2024-03-19T14:45:15","slug":"privacy-policy","status":"publish","type":"page","link":"https:\/\/madewithduende.com\/de\/272-2\/privacy-policy\/","title":{"rendered":"Datenschutz"},"content":{"rendered":"<h2 class=\"wp-block-heading\">\u00dcber uns<\/h2>\n\n\n\n<p><strong class=\"privacy-policy-tutorial\"> <\/strong>Unsere Website-Adresse lautet:\u200bhttps:\/\/madewithduende.com.\/<\/p>\n\n\n\n<h2 class=\"wp-block-heading\">Kommentare<\/h2>\n\n\n\n<p>Wenn Besucher Kommentare auf der Website hinterlassen, sammeln wir die Daten, die im Kommentarformular angezeigt werden, sowie die IP-Adresse und den Browser-Benutzer-Agent-String des Besuchers zur Unterst\u00fctzung bei der Spam-Erkennung.<\/p>\n\n\n\n<p>Eine anonymisierte Zeichenfolge, die aus deiner E-Mail-Adresse erstellt wird (auch Hash genannt), kann an den Gravatar-Dienst weitergegeben werden, um zu \u00fcberpr\u00fcfen, ob du diesen nutzt. Die Datenschutzrichtlinie des Gravatar-Dienstes ist hier verf\u00fcgbar: https:\/\/automattic.com\/privacy\/. Nach Freigabe deines Kommentars ist dein Profilbild im Zusammenhang mit deinem Kommentar \u00f6ffentlich sichtbar.<\/p>\n\n\n\n<h2 class=\"wp-block-heading\">Medien<\/h2>\n\n\n\n<p><strong class=\"privacy-policy-tutorial\"> <\/strong>Wenn du Bilder auf die Website hochl\u00e4dst, solltest du vermeiden, Bilder mit eingebetteten Standortdaten (EXIF GPS) hochzuladen. Besucher der Website k\u00f6nnen Standortdaten aus Bildern auf der Website herunterladen und extrahieren.<\/p>\n\n\n\n<h2 class=\"wp-block-heading\">Cookies<\/h2>\n\n\n\n<p>Wenn du einen Kommentar auf unserer Website hinterl\u00e4sst, kannst du w\u00e4hlen, deinen Namen, deine E-Mail-Adresse und deine Website in Cookies zu speichern. Diese dienen deinem Komfort, damit du deine Details nicht erneut eingeben musst, wenn du einen weiteren Kommentar hinterl\u00e4sst. Diese Cookies werden ein Jahr lang gespeichert.<\/p>\n\n\n\n<p>Wenn du unsere Login-Seite besuchst, setzen wir ein tempor\u00e4res Cookie, um festzustellen, ob dein Browser Cookies akzeptiert. Dieses Cookie enth\u00e4lt keine pers\u00f6nlichen Daten und wird gel\u00f6scht, wenn du deinen Browser schlie\u00dft.<\/p>\n\n\n\n<p>Wenn du dich anmeldest, setzen wir auch mehrere Cookies, um deine Anmeldeinformationen und deine Bildschirmanzeige-Einstellungen zu speichern. Anmelde-Cookies bleiben f\u00fcr zwei Tage gespeichert, und Bildschirmoptionen-Cookies bleiben f\u00fcr ein Jahr erhalten. Wenn du \u201cAngemeldet bleiben\u201d ausw\u00e4hlst, bleibt deine Anmeldung zwei Wochen lang bestehen. Wenn du dich ausloggst, werden die Anmelde-Cookies entfernt.<\/p>\n\n\n\n<p>Wenn du einen Artikel bearbeitest oder ver\u00f6ffentlichst, wird ein zus\u00e4tzliches Cookie in deinem Browser gespeichert. Dieses Cookie enth\u00e4lt keine pers\u00f6nlichen Daten und gibt lediglich die Beitrag-ID des Artikels an, den du gerade bearbeitet hast. Es l\u00e4uft nach 1 Tag ab.<\/p>\n\n\n\n<h2 class=\"wp-block-heading\">Eingebettete Inhalte von anderen Websites<\/h2>\n\n\n\n<p>Artikel auf dieser Website k\u00f6nnen eingebettete Inhalte enthalten (z. B. Videos, Bilder, Artikel usw.). Eingebettete Inhalte von anderen Websites verhalten sich genauso, als ob der Besucher die andere Website besucht h\u00e4tte.<\/p>\n\n\n\n<p>Diese Websites k\u00f6nnen Daten \u00fcber dich sammeln, Cookies verwenden, zus\u00e4tzliche Tracking-Dienste von Drittanbietern einbetten und deine Interaktion mit diesen eingebetteten Inhalten \u00fcberwachen, einschlie\u00dflich der Verfolgung deiner Interaktion mit dem eingebetteten Inhalt, wenn du ein Konto hast und auf dieser Website eingeloggt bist.<\/p>\n\n\n\n<h2 class=\"wp-block-heading\">Mit wem wir deine Daten teilen<\/h2>\n\n\n\n<p><strong class=\"privacy-policy-tutorial\"> <\/strong>Wenn du eine Passwortr\u00fccksetzung anforderst, wird deine IP-Adresse in der R\u00fccksetzungs-E-Mail enthalten sein.<\/p>\n\n\n\n<h2 class=\"wp-block-heading\">Wie lange wir deine Daten speichern<\/h2>\n\n\n\n<p>Wenn du einen Kommentar hinterl\u00e4sst, werden der Kommentar und seine Metadaten unbegrenzt gespeichert. Dies geschieht, damit wir automatisch alle Folgekommentare erkennen und genehmigen k\u00f6nnen, anstatt sie in einer Moderationswarteschlange zu halten.<\/p>\n\n\n\n<p>F\u00fcr Benutzer, die sich auf unserer Website registrieren, speichern wir auch die pers\u00f6nlichen Informationen, die sie in ihrem Benutzerprofil angeben. Alle Benutzer k\u00f6nnen ihre pers\u00f6nlichen Informationen jederzeit einsehen, bearbeiten oder l\u00f6schen (au\u00dfer ihrem Benutzernamen, den sie nicht \u00e4ndern k\u00f6nnen). Website-Administratoren k\u00f6nnen diese Informationen ebenfalls einsehen und bearbeiten.<\/p>\n\n\n\n<h2 class=\"wp-block-heading\">Welche Rechte hast du bez\u00fcglich deiner Daten?<\/h2>\n\n\n\n<p><strong class=\"privacy-policy-tutorial\"> <\/strong>Wenn du ein Konto auf dieser Seite hast oder Kommentare hinterlassen hast, kannst du eine exportierte Datei mit den personenbezogenen Daten anfordern, die wir \u00fcber dich gespeichert haben, einschlie\u00dflich aller Daten, die du uns zur Verf\u00fcgung gestellt hast. Du kannst auch verlangen, dass wir alle personenbezogenen Daten l\u00f6schen, die wir \u00fcber dich gespeichert haben. Dies schlie\u00dft keine Daten ein, die wir aus administrativen, rechtlichen oder sicherheitsrelevanten Gr\u00fcnden aufbewahren m\u00fcssen.<\/p>\n\n\n\n<h2 class=\"wp-block-heading\">Wohin deine Daten gesendet werden<\/h2>\n\n\n\n<p><strong class=\"privacy-policy-tutorial\"> <\/strong>Besucherkommentare k\u00f6nnen durch einen automatisierten Spam-Erkennungsdienst \u00fcberpr\u00fcft werden.<\/p>","protected":false},"excerpt":{"rendered":"<p>Who we are Our website address is: http:\/\/madewithduende.com. Comments When visitors leave comments on the site we collect the data shown in the comments form, and also the visitor\u2019s IP address and browser user agent string to help spam detection. An anonymized string created from your email address (also called a hash) may be provided<\/p>\n<div class=\"more-link\">\n\t\t\t\t <a href=\"https:\/\/madewithduende.com\/de\/272-2\/privacy-policy\/\" class=\"btn theme-btn\"><span>Weiterlesen <\/span><i class=\"icofont-thin-double-right\"><\/i><\/a>\n\t\t\t<\/div>","protected":false},"author":1,"featured_media":0,"parent":272,"menu_order":0,"comment_status":"closed","ping_status":"closed","template":"","meta":{"om_disable_all_campaigns":false,"_monsterinsights_skip_tracking":false,"_monsterinsights_sitenote_active":false,"_monsterinsights_sitenote_note":"","_monsterinsights_sitenote_category":0,"_glsr_average":0,"_glsr_ranking":0,"_glsr_reviews":0,"footnotes":""},"class_list":["post-3","page","type-page","status-publish","hentry"],"aioseo_notices":[],"jetpack_sharing_enabled":true,"_links":{"self":[{"href":"https:\/\/madewithduende.com\/de\/wp-json\/wp\/v2\/pages\/3","targetHints":{"allow":["GET"]}}],"collection":[{"href":"https:\/\/madewithduende.com\/de\/wp-json\/wp\/v2\/pages"}],"about":[{"href":"https:\/\/madewithduende.com\/de\/wp-json\/wp\/v2\/types\/page"}],"author":[{"embeddable":true,"href":"https:\/\/madewithduende.com\/de\/wp-json\/wp\/v2\/users\/1"}],"replies":[{"embeddable":true,"href":"https:\/\/madewithduende.com\/de\/wp-json\/wp\/v2\/comments?post=3"}],"version-history":[{"count":1,"href":"https:\/\/madewithduende.com\/de\/wp-json\/wp\/v2\/pages\/3\/revisions"}],"predecessor-version":[{"id":228,"href":"https:\/\/madewithduende.com\/de\/wp-json\/wp\/v2\/pages\/3\/revisions\/228"}],"up":[{"embeddable":true,"href":"https:\/\/madewithduende.com\/de\/wp-json\/wp\/v2\/pages\/272"}],"wp:attachment":[{"href":"https:\/\/madewithduende.com\/de\/wp-json\/wp\/v2\/media?parent=3"}],"curies":[{"name":"wp","href":"https:\/\/api.w.org\/{rel}","templated":true}]}}