{"id":36,"date":"2024-03-06T20:57:27","date_gmt":"2024-03-06T20:57:27","guid":{"rendered":"http:\/\/madewithduende.com\/?post_type=product&#038;p=36"},"modified":"2026-04-24T03:23:01","modified_gmt":"2026-04-24T03:23:01","slug":"los-susurros-de-los-duendes","status":"publish","type":"product","link":"https:\/\/madewithduende.com\/en_gb\/produkt\/los-susurros-de-los-duendes\/","title":{"rendered":"Or\u00e1culo en espa\u00f1ol: Los Susurros de los Duendes"},"content":{"rendered":"<p>&nbsp;<\/p>\n<p>\u00a1Pon un Duende en tu vida!<\/p>\n<p>Cartas de duendes con 66 mensajes para guiar tus intenciones y despertar inspiraci\u00f3n en tu d\u00eda a d\u00eda.<\/p>\n<p>Con sus mensajes sutiles y et\u00e9reos, estos seres m\u00e1gicos te apoyan y dan<br \/>\npistas sobre lo que tu alma necesita.<\/p>\n<p>Baraja pensando en qu\u00e9 duende te acompa\u00f1a en un nuevo ciclo de tu vida, en una situaci\u00f3n en concreto, o incluso buscando un impulso para tu d\u00eda a d\u00eda. Deja que tu intuici\u00f3n te gu\u00ede.<\/p>\n<p>Coloca el duende que te haya salido en alg\u00fan sitio visible, hasta que sientas que ya no est\u00e1 presente o ha cumplido su\u00a0\u00a0funci\u00f3n.<\/p>\n<p>Si invitas a alguien a elegir un duende, reg\u00e1laselo para que se lo lleve consigo.<\/p>\n<p>\u00a1Disfruta de la compa\u00f1\u00eda de los duendes!<\/p>\n","protected":false},"excerpt":{"rendered":"<p>Made with Duende: 66 cartas de Duendes en espa\u00f1ol para conectar con tu intuici\u00f3n. \u00a1Pon un duende en tu vida!<\/p>\n","protected":false},"featured_media":751,"comment_status":"open","ping_status":"closed","template":"","meta":{"om_disable_all_campaigns":false,"_monsterinsights_skip_tracking":false,"_monsterinsights_sitenote_active":false,"_monsterinsights_sitenote_note":"","_monsterinsights_sitenote_category":0,"_glsr_average":0,"_glsr_ranking":0,"_glsr_reviews":0},"product_brand":[],"product_cat":[25],"product_tag":[],"class_list":{"0":"post-36","1":"product","2":"type-product","3":"status-publish","4":"has-post-thumbnail","6":"product_cat-intuitive-card-deck","8":"first","9":"instock","10":"purchasable","11":"product-type-simple"},"aioseo_notices":[],"jetpack_sharing_enabled":true,"_links":{"self":[{"href":"https:\/\/madewithduende.com\/en_gb\/wp-json\/wp\/v2\/product\/36","targetHints":{"allow":["GET"]}}],"collection":[{"href":"https:\/\/madewithduende.com\/en_gb\/wp-json\/wp\/v2\/product"}],"about":[{"href":"https:\/\/madewithduende.com\/en_gb\/wp-json\/wp\/v2\/types\/product"}],"replies":[{"embeddable":true,"href":"https:\/\/madewithduende.com\/en_gb\/wp-json\/wp\/v2\/comments?post=36"}],"wp:featuredmedia":[{"embeddable":true,"href":"https:\/\/madewithduende.com\/en_gb\/wp-json\/wp\/v2\/media\/751"}],"wp:attachment":[{"href":"https:\/\/madewithduende.com\/en_gb\/wp-json\/wp\/v2\/media?parent=36"}],"wp:term":[{"taxonomy":"product_brand","embeddable":true,"href":"https:\/\/madewithduende.com\/en_gb\/wp-json\/wp\/v2\/product_brand?post=36"},{"taxonomy":"product_cat","embeddable":true,"href":"https:\/\/madewithduende.com\/en_gb\/wp-json\/wp\/v2\/product_cat?post=36"},{"taxonomy":"product_tag","embeddable":true,"href":"https:\/\/madewithduende.com\/en_gb\/wp-json\/wp\/v2\/product_tag?post=36"}],"curies":[{"name":"wp","href":"https:\/\/api.w.org\/{rel}","templated":true}]}}